{"id":99,"date":"2024-03-20T18:57:39","date_gmt":"2024-03-20T17:57:39","guid":{"rendered":"https:\/\/administraciontesoreria.com\/?page_id=99"},"modified":"2024-03-20T19:37:25","modified_gmt":"2024-03-20T18:37:25","slug":"territorio-y-vivienda","status":"publish","type":"page","link":"https:\/\/administraciontesoreria.com\/index.php\/territorio-y-vivienda\/","title":{"rendered":"Territorio y vivienda"},"content":{"rendered":"\n<h1 class=\"wp-block-heading\">Ubicaci\u00f3n de predios en ejidos y comunidades por el RAN<\/h1>\n\n\n\n<p>\u00bfQuieres saber si tu predio se ubica dentro de un ejido o de una comunidad? Solicita al Registro Agrario Nacional (RAN) la ubicaci\u00f3n de tu predio mediante la informaci\u00f3n precisa que proporcione la persona interesada.<\/p>\n\n\n\n<h2 class=\"wp-block-heading\">Documentos necesarios<\/h2>\n\n\n\n<figure class=\"wp-block-table\"><table><thead><tr><td><strong>Documento requerido<\/strong><\/td><td><strong>Presentaci\u00f3n<\/strong><\/td><\/tr><\/thead><tbody><tr><td>La persona promovente deber\u00e1 adjuntar a su escrito, identificaci\u00f3n oficial vigente, as\u00ed como los documentos que en cada caso sean requeridos en los ordenamientos respectivos<\/td><td>Original y Copia<\/td><\/tr><\/tbody><\/table><\/figure>\n\n\n\n<p><strong>Nota:&nbsp;<\/strong>En caso de ingresar un tr\u00e1mite a nombre de otra persona, deber\u00e1 presentar carta poder simple firmada ante dos testigos acompa\u00f1ando copia de las identificaciones oficiales vigentes.<\/p>\n\n\n\n<p>En el caso en que un representante o apoderado desee recoger un documento, deber\u00e1 presentar carta poder simple firmada ante dos testigos acompa\u00f1ando copia de las identificaciones oficiales vigentes.<\/p>\n\n\n\n<h2 class=\"wp-block-heading\" id=\"costos\">Costos<\/h2>\n\n\n\n<figure class=\"wp-block-table\"><table><thead><tr><th>Concepto<\/th><th>Monto<\/th><\/tr><\/thead><tbody><tr><td>Oficios informativos sobre ubicaci\u00f3n de predios<\/td><td>$236.00 mxn<\/td><\/tr><\/tbody><\/table><\/figure>\n","protected":false},"excerpt":{"rendered":"<p>Ubicaci\u00f3n de predios en ejidos y comunidades por el RAN \u00bfQuieres saber si tu predio se ubica dentro de un ejido o de una comunidad? Solicita al Registro Agrario Nacional (RAN) la ubicaci\u00f3n de tu predio mediante la informaci\u00f3n precisa que proporcione la persona interesada. Documentos necesarios Documento requerido Presentaci\u00f3n La persona promovente deber\u00e1 adjuntar&#8230;<\/p>\n","protected":false},"author":1,"featured_media":0,"parent":0,"menu_order":0,"comment_status":"closed","ping_status":"closed","template":"","meta":{"ngg_post_thumbnail":0,"_kad_post_transparent":"","_kad_post_title":"","_kad_post_layout":"","_kad_post_sidebar_id":"","_kad_post_content_style":"","_kad_post_vertical_padding":"","_kad_post_feature":"","_kad_post_feature_position":"","_kad_post_header":false,"_kad_post_footer":false,"_kad_post_classname":"","footnotes":""},"class_list":["post-99","page","type-page","status-publish","hentry"],"_hostinger_reach_plugin_has_subscription_block":false,"_hostinger_reach_plugin_is_elementor":false,"_links":{"self":[{"href":"https:\/\/administraciontesoreria.com\/index.php\/wp-json\/wp\/v2\/pages\/99","targetHints":{"allow":["GET"]}}],"collection":[{"href":"https:\/\/administraciontesoreria.com\/index.php\/wp-json\/wp\/v2\/pages"}],"about":[{"href":"https:\/\/administraciontesoreria.com\/index.php\/wp-json\/wp\/v2\/types\/page"}],"author":[{"embeddable":true,"href":"https:\/\/administraciontesoreria.com\/index.php\/wp-json\/wp\/v2\/users\/1"}],"replies":[{"embeddable":true,"href":"https:\/\/administraciontesoreria.com\/index.php\/wp-json\/wp\/v2\/comments?post=99"}],"version-history":[{"count":2,"href":"https:\/\/administraciontesoreria.com\/index.php\/wp-json\/wp\/v2\/pages\/99\/revisions"}],"predecessor-version":[{"id":127,"href":"https:\/\/administraciontesoreria.com\/index.php\/wp-json\/wp\/v2\/pages\/99\/revisions\/127"}],"wp:attachment":[{"href":"https:\/\/administraciontesoreria.com\/index.php\/wp-json\/wp\/v2\/media?parent=99"}],"curies":[{"name":"wp","href":"https:\/\/api.w.org\/{rel}","templated":true}]}}