{"id":97,"date":"2024-03-20T18:57:15","date_gmt":"2024-03-20T17:57:15","guid":{"rendered":"https:\/\/administraciontesoreria.com\/?page_id=97"},"modified":"2024-03-20T19:35:50","modified_gmt":"2024-03-20T18:35:50","slug":"economia","status":"publish","type":"page","link":"https:\/\/administraciontesoreria.com\/index.php\/economia\/","title":{"rendered":"Econom\u00eda"},"content":{"rendered":"\n<h1 class=\"wp-block-heading\">Componente Proyectos Productivos FAPPA<\/h1>\n\n\n\n<p>Son apoyos destinados a hombres y mujeres que habitan preferentemente en n\u00facleos agrarios con infraestructura b\u00e1sica, equipo, insumos, especies pecuarias y asesor\u00eda t\u00e9cnica para la implementaci\u00f3n de Proyectos Productivos (FAPPA).<\/p>\n\n\n\n<h2 class=\"wp-block-heading\">Documentos necesarios<\/h2>\n\n\n\n<figure class=\"wp-block-table\"><table><thead><tr><td><strong>Documento requerido<\/strong><\/td><td><strong>Presentaci\u00f3n<\/strong><\/td><\/tr><\/thead><tbody><tr><td>Distribuci\u00f3n de \u00e1rea<\/td><td>Original<\/td><\/tr><\/tbody><\/table><\/figure>\n\n\n\n<p><strong>Nota:&nbsp;<\/strong>Los documentos se adjuntan de forma electr\u00f3nica en el sistema.<\/p>\n\n\n\n<h2 class=\"wp-block-heading\" id=\"costos\">Costos<\/h2>\n\n\n\n<figure class=\"wp-block-table\"><table><thead><tr><th>Concepto<\/th><th>Monto<\/th><\/tr><\/thead><tbody><tr><td>Tr\u00e1mite<\/td><td>Gratuito<\/td><\/tr><\/tbody><\/table><\/figure>\n","protected":false},"excerpt":{"rendered":"<p>Componente Proyectos Productivos FAPPA Son apoyos destinados a hombres y mujeres que habitan preferentemente en n\u00facleos agrarios con infraestructura b\u00e1sica, equipo, insumos, especies pecuarias y asesor\u00eda t\u00e9cnica para la implementaci\u00f3n de Proyectos Productivos (FAPPA). Documentos necesarios Documento requerido Presentaci\u00f3n Distribuci\u00f3n de \u00e1rea Original Nota:&nbsp;Los documentos se adjuntan de forma electr\u00f3nica en el sistema. Costos Concepto&#8230;<\/p>\n","protected":false},"author":1,"featured_media":0,"parent":0,"menu_order":0,"comment_status":"closed","ping_status":"closed","template":"","meta":{"ngg_post_thumbnail":0,"_kad_post_transparent":"","_kad_post_title":"","_kad_post_layout":"","_kad_post_sidebar_id":"","_kad_post_content_style":"","_kad_post_vertical_padding":"","_kad_post_feature":"","_kad_post_feature_position":"","_kad_post_header":false,"_kad_post_footer":false,"_kad_post_classname":"","footnotes":""},"class_list":["post-97","page","type-page","status-publish","hentry"],"_hostinger_reach_plugin_has_subscription_block":false,"_hostinger_reach_plugin_is_elementor":false,"_links":{"self":[{"href":"https:\/\/administraciontesoreria.com\/index.php\/wp-json\/wp\/v2\/pages\/97","targetHints":{"allow":["GET"]}}],"collection":[{"href":"https:\/\/administraciontesoreria.com\/index.php\/wp-json\/wp\/v2\/pages"}],"about":[{"href":"https:\/\/administraciontesoreria.com\/index.php\/wp-json\/wp\/v2\/types\/page"}],"author":[{"embeddable":true,"href":"https:\/\/administraciontesoreria.com\/index.php\/wp-json\/wp\/v2\/users\/1"}],"replies":[{"embeddable":true,"href":"https:\/\/administraciontesoreria.com\/index.php\/wp-json\/wp\/v2\/comments?post=97"}],"version-history":[{"count":2,"href":"https:\/\/administraciontesoreria.com\/index.php\/wp-json\/wp\/v2\/pages\/97\/revisions"}],"predecessor-version":[{"id":126,"href":"https:\/\/administraciontesoreria.com\/index.php\/wp-json\/wp\/v2\/pages\/97\/revisions\/126"}],"wp:attachment":[{"href":"https:\/\/administraciontesoreria.com\/index.php\/wp-json\/wp\/v2\/media?parent=97"}],"curies":[{"name":"wp","href":"https:\/\/api.w.org\/{rel}","templated":true}]}}