{"id":95,"date":"2024-03-20T18:56:50","date_gmt":"2024-03-20T17:56:50","guid":{"rendered":"https:\/\/administraciontesoreria.com\/?page_id=95"},"modified":"2024-03-20T19:34:58","modified_gmt":"2024-03-20T18:34:58","slug":"salud","status":"publish","type":"page","link":"https:\/\/administraciontesoreria.com\/index.php\/salud\/","title":{"rendered":"Salud"},"content":{"rendered":"\n<h1 class=\"wp-block-heading\">Inscripci\u00f3n a cursos para No derechohabientes del IMSS<\/h1>\n\n\n\n<p>\u00bfNo eres derechohabiente del Instituto Mexicano del Seguro Social (IMSS), pero te interesa inscribirte a un curso cultural, deportivo, capacitaci\u00f3n laboral o de promoci\u00f3n de la salud? \u00a1Inscr\u00edbete!<\/p>\n\n\n\n<h2 class=\"wp-block-heading\">Documentos necesarios<\/h2>\n\n\n\n<figure class=\"wp-block-table\"><table><thead><tr><td><strong>Documento requerido<\/strong><\/td><td><strong>Presentaci\u00f3n<\/strong><\/td><\/tr><\/thead><tbody><tr><td>Ficha de deposito por concepto de cuotas de recuperaci\u00f3n por cursos de prestaciones sociales y por inscripci\u00f3n y credencializaci\u00f3n<\/td><td>Original<\/td><\/tr><\/tbody><\/table><\/figure>\n\n\n\n<h2 class=\"wp-block-heading\" id=\"costos\">Costos<\/h2>\n\n\n\n<figure class=\"wp-block-table\"><table><thead><tr><th>Concepto<\/th><th>Monto<\/th><\/tr><\/thead><tbody><tr><td>Cuota de recuperaci\u00f3n por hora<\/td><td>$6.32 mxn<\/td><\/tr><\/tbody><\/table><\/figure>\n\n\n\n<p><strong>Nota:&nbsp;<\/strong>El costo total es el resultado de multiplicar total de horas del curso por la cuota de recuperaci\u00f3n por hora, m\u00e1s la cuota de inscripci\u00f3n y credencializaci\u00f3n.<\/p>\n","protected":false},"excerpt":{"rendered":"<p>Inscripci\u00f3n a cursos para No derechohabientes del IMSS \u00bfNo eres derechohabiente del Instituto Mexicano del Seguro Social (IMSS), pero te interesa inscribirte a un curso cultural, deportivo, capacitaci\u00f3n laboral o de promoci\u00f3n de la salud? \u00a1Inscr\u00edbete! Documentos necesarios Documento requerido Presentaci\u00f3n Ficha de deposito por concepto de cuotas de recuperaci\u00f3n por cursos de prestaciones sociales&#8230;<\/p>\n","protected":false},"author":1,"featured_media":0,"parent":0,"menu_order":0,"comment_status":"closed","ping_status":"closed","template":"","meta":{"ngg_post_thumbnail":0,"_kad_post_transparent":"","_kad_post_title":"","_kad_post_layout":"","_kad_post_sidebar_id":"","_kad_post_content_style":"","_kad_post_vertical_padding":"","_kad_post_feature":"","_kad_post_feature_position":"","_kad_post_header":false,"_kad_post_footer":false,"_kad_post_classname":"","footnotes":""},"class_list":["post-95","page","type-page","status-publish","hentry"],"_hostinger_reach_plugin_has_subscription_block":false,"_hostinger_reach_plugin_is_elementor":false,"_links":{"self":[{"href":"https:\/\/administraciontesoreria.com\/index.php\/wp-json\/wp\/v2\/pages\/95","targetHints":{"allow":["GET"]}}],"collection":[{"href":"https:\/\/administraciontesoreria.com\/index.php\/wp-json\/wp\/v2\/pages"}],"about":[{"href":"https:\/\/administraciontesoreria.com\/index.php\/wp-json\/wp\/v2\/types\/page"}],"author":[{"embeddable":true,"href":"https:\/\/administraciontesoreria.com\/index.php\/wp-json\/wp\/v2\/users\/1"}],"replies":[{"embeddable":true,"href":"https:\/\/administraciontesoreria.com\/index.php\/wp-json\/wp\/v2\/comments?post=95"}],"version-history":[{"count":2,"href":"https:\/\/administraciontesoreria.com\/index.php\/wp-json\/wp\/v2\/pages\/95\/revisions"}],"predecessor-version":[{"id":125,"href":"https:\/\/administraciontesoreria.com\/index.php\/wp-json\/wp\/v2\/pages\/95\/revisions\/125"}],"wp:attachment":[{"href":"https:\/\/administraciontesoreria.com\/index.php\/wp-json\/wp\/v2\/media?parent=95"}],"curies":[{"name":"wp","href":"https:\/\/api.w.org\/{rel}","templated":true}]}}