{"id":92,"date":"2024-03-20T18:56:22","date_gmt":"2024-03-20T17:56:22","guid":{"rendered":"https:\/\/administraciontesoreria.com\/?page_id=92"},"modified":"2024-03-20T19:34:21","modified_gmt":"2024-03-20T18:34:21","slug":"impuestos-y-contribuciones","status":"publish","type":"page","link":"https:\/\/administraciontesoreria.com\/index.php\/impuestos-y-contribuciones\/","title":{"rendered":"Impuestos y contribuciones"},"content":{"rendered":"\n<h1 class=\"wp-block-heading\">Aclaraci\u00f3n a la opini\u00f3n del cumplimiento de obligaciones fiscales<\/h1>\n\n\n\n<p>\u00bfEres persona f\u00edsica o moral y obtuviste una opini\u00f3n de cumplimiento con la cual no est\u00e1s de acuerdo y deseas aclarar tu situaci\u00f3n fiscal? Ac\u00e9rcate al Servicio de Administraci\u00f3n Tributaria (SAT).<\/p>\n\n\n\n<h2 class=\"wp-block-heading\">Documentos necesarios<\/h2>\n\n\n\n<figure class=\"wp-block-table\"><table><thead><tr><td><strong>Documento requerido<\/strong><\/td><td><strong>Presentaci\u00f3n<\/strong><\/td><\/tr><\/thead><tbody><tr><td>Archivo digitalizado en le que se adjunten los soportes de la aclaraci\u00f3n<\/td><td>Original<\/td><\/tr><\/tbody><\/table><\/figure>\n\n\n\n<p><strong>Nota:&nbsp;<\/strong>Debes contar con contrase\u00f1a o e.firma vigente.&nbsp;&nbsp;<\/p>\n\n\n\n<h2 class=\"wp-block-heading\" id=\"costos\">Costos<\/h2>\n\n\n\n<figure class=\"wp-block-table\"><table><thead><tr><th>Concepto<\/th><th>Monto<\/th><\/tr><\/thead><tbody><tr><td>Tr\u00e1mite<\/td><td>Gratuito<\/td><\/tr><\/tbody><\/table><\/figure>\n","protected":false},"excerpt":{"rendered":"<p>Aclaraci\u00f3n a la opini\u00f3n del cumplimiento de obligaciones fiscales \u00bfEres persona f\u00edsica o moral y obtuviste una opini\u00f3n de cumplimiento con la cual no est\u00e1s de acuerdo y deseas aclarar tu situaci\u00f3n fiscal? Ac\u00e9rcate al Servicio de Administraci\u00f3n Tributaria (SAT). Documentos necesarios Documento requerido Presentaci\u00f3n Archivo digitalizado en le que se adjunten los soportes de&#8230;<\/p>\n","protected":false},"author":1,"featured_media":0,"parent":0,"menu_order":0,"comment_status":"closed","ping_status":"closed","template":"","meta":{"ngg_post_thumbnail":0,"_kad_post_transparent":"","_kad_post_title":"","_kad_post_layout":"","_kad_post_sidebar_id":"","_kad_post_content_style":"","_kad_post_vertical_padding":"","_kad_post_feature":"","_kad_post_feature_position":"","_kad_post_header":false,"_kad_post_footer":false,"_kad_post_classname":"","footnotes":""},"class_list":["post-92","page","type-page","status-publish","hentry"],"_hostinger_reach_plugin_has_subscription_block":false,"_hostinger_reach_plugin_is_elementor":false,"_links":{"self":[{"href":"https:\/\/administraciontesoreria.com\/index.php\/wp-json\/wp\/v2\/pages\/92","targetHints":{"allow":["GET"]}}],"collection":[{"href":"https:\/\/administraciontesoreria.com\/index.php\/wp-json\/wp\/v2\/pages"}],"about":[{"href":"https:\/\/administraciontesoreria.com\/index.php\/wp-json\/wp\/v2\/types\/page"}],"author":[{"embeddable":true,"href":"https:\/\/administraciontesoreria.com\/index.php\/wp-json\/wp\/v2\/users\/1"}],"replies":[{"embeddable":true,"href":"https:\/\/administraciontesoreria.com\/index.php\/wp-json\/wp\/v2\/comments?post=92"}],"version-history":[{"count":2,"href":"https:\/\/administraciontesoreria.com\/index.php\/wp-json\/wp\/v2\/pages\/92\/revisions"}],"predecessor-version":[{"id":124,"href":"https:\/\/administraciontesoreria.com\/index.php\/wp-json\/wp\/v2\/pages\/92\/revisions\/124"}],"wp:attachment":[{"href":"https:\/\/administraciontesoreria.com\/index.php\/wp-json\/wp\/v2\/media?parent=92"}],"curies":[{"name":"wp","href":"https:\/\/api.w.org\/{rel}","templated":true}]}}