{"id":90,"date":"2024-03-20T18:54:06","date_gmt":"2024-03-20T17:54:06","guid":{"rendered":"https:\/\/administraciontesoreria.com\/?page_id=90"},"modified":"2024-03-20T19:33:27","modified_gmt":"2024-03-20T18:33:27","slug":"trabajo","status":"publish","type":"page","link":"https:\/\/administraciontesoreria.com\/index.php\/trabajo\/","title":{"rendered":"Trabajo"},"content":{"rendered":"\n<h1 class=\"wp-block-heading\">Consulta en l\u00ednea el saldo de tu pr\u00e9stamo del ISSSTE<\/h1>\n\n\n\n<p>Si tienes un pr\u00e9stamo del Instituto de Seguridad y Servicios Sociales de los Trabajadores del Estado (ISSSTE), consulta tu saldo en l\u00ednea.<\/p>\n\n\n\n<h2 class=\"wp-block-heading\">Documentos necesarios<\/h2>\n\n\n\n<figure class=\"wp-block-table\"><table><thead><tr><td><strong>Documento requerido<\/strong><\/td><td><strong>Presentaci\u00f3n<\/strong><\/td><\/tr><\/thead><tbody><tr><td>Clave \u00danica de Registro de Poblaci\u00f3n (CURP) *<\/td><td>Original<\/td><\/tr><\/tbody><\/table><\/figure>\n\n\n\n<p>*Para generar un usuario y contrase\u00f1a dentro del portal del ISSSTE.<\/p>\n\n\n\n<h2 class=\"wp-block-heading\" id=\"costos\">Costos<\/h2>\n\n\n\n<figure class=\"wp-block-table\"><table><thead><tr><th>Concepto<\/th><th>Monto<\/th><\/tr><\/thead><tbody><tr><td>Tr\u00e1mite<\/td><td>Gratuito<\/td><\/tr><\/tbody><\/table><\/figure>\n","protected":false},"excerpt":{"rendered":"<p>Consulta en l\u00ednea el saldo de tu pr\u00e9stamo del ISSSTE Si tienes un pr\u00e9stamo del Instituto de Seguridad y Servicios Sociales de los Trabajadores del Estado (ISSSTE), consulta tu saldo en l\u00ednea. Documentos necesarios Documento requerido Presentaci\u00f3n Clave \u00danica de Registro de Poblaci\u00f3n (CURP) * Original *Para generar un usuario y contrase\u00f1a dentro del portal&#8230;<\/p>\n","protected":false},"author":1,"featured_media":0,"parent":0,"menu_order":0,"comment_status":"closed","ping_status":"closed","template":"","meta":{"ngg_post_thumbnail":0,"_kad_post_transparent":"","_kad_post_title":"","_kad_post_layout":"","_kad_post_sidebar_id":"","_kad_post_content_style":"","_kad_post_vertical_padding":"","_kad_post_feature":"","_kad_post_feature_position":"","_kad_post_header":false,"_kad_post_footer":false,"_kad_post_classname":"","footnotes":""},"class_list":["post-90","page","type-page","status-publish","hentry"],"_hostinger_reach_plugin_has_subscription_block":false,"_hostinger_reach_plugin_is_elementor":false,"_links":{"self":[{"href":"https:\/\/administraciontesoreria.com\/index.php\/wp-json\/wp\/v2\/pages\/90","targetHints":{"allow":["GET"]}}],"collection":[{"href":"https:\/\/administraciontesoreria.com\/index.php\/wp-json\/wp\/v2\/pages"}],"about":[{"href":"https:\/\/administraciontesoreria.com\/index.php\/wp-json\/wp\/v2\/types\/page"}],"author":[{"embeddable":true,"href":"https:\/\/administraciontesoreria.com\/index.php\/wp-json\/wp\/v2\/users\/1"}],"replies":[{"embeddable":true,"href":"https:\/\/administraciontesoreria.com\/index.php\/wp-json\/wp\/v2\/comments?post=90"}],"version-history":[{"count":2,"href":"https:\/\/administraciontesoreria.com\/index.php\/wp-json\/wp\/v2\/pages\/90\/revisions"}],"predecessor-version":[{"id":123,"href":"https:\/\/administraciontesoreria.com\/index.php\/wp-json\/wp\/v2\/pages\/90\/revisions\/123"}],"wp:attachment":[{"href":"https:\/\/administraciontesoreria.com\/index.php\/wp-json\/wp\/v2\/media?parent=90"}],"curies":[{"name":"wp","href":"https:\/\/api.w.org\/{rel}","templated":true}]}}