{"id":88,"date":"2024-03-20T18:53:30","date_gmt":"2024-03-20T17:53:30","guid":{"rendered":"https:\/\/administraciontesoreria.com\/?page_id=88"},"modified":"2024-03-20T19:32:03","modified_gmt":"2024-03-20T18:32:03","slug":"energia","status":"publish","type":"page","link":"https:\/\/administraciontesoreria.com\/index.php\/energia\/","title":{"rendered":"Energ\u00eda"},"content":{"rendered":"\n<h1 class=\"wp-block-heading\">Solicita tu inscripci\u00f3n al Padr\u00f3n para realizar Actividades de Reconocimiento y Exploraci\u00f3n Superficial<\/h1>\n\n\n\n<p>Te permite presentar tu solicitud para inscribirse al Padr\u00f3n para realizar Actividades de Reconocimiento y Exploraci\u00f3n Superficial<\/p>\n\n\n\n<h2 class=\"wp-block-heading\">Documentos necesarios<\/h2>\n\n\n\n<figure class=\"wp-block-table\"><table><thead><tr><td><strong>Documento requerido<\/strong><\/td><td><strong>Presentaci\u00f3n<\/strong><\/td><\/tr><\/thead><tbody><tr><td>Documentos t\u00e9cnicos:Descripci\u00f3n de caracter\u00edsticas geol\u00f3gicas de las \u00e1reas en donde haya desarrollado Proyectos de Adquisici\u00f3n, Procesamiento, Reprocesamiento o Interpretaci\u00f3n de Datos<br>En su caso, un listado de los m\u00e9todos de Adquisici\u00f3n de Datos de Campo, tecnolog\u00edas, equipos y herramientas que ha utilizado conforme a la experiencia manifestada<br>Descripci\u00f3n de su experiencia que describa el conocimiento adquirido en las actividades de Adquisici\u00f3n, Procesamiento, Reprocesamiento o Interpretaci\u00f3n de Datos<br>Copia simples de las autorizaciones, permisos, actas de terminaci\u00f3n o de finiquito, \u00f3rdenes de trabajo, u otros instrumentos que le permitan comprobar la experiencia en actividades de Reconocimiento y Exploraci\u00f3n Superficial de al menos tres Proyectos<\/td><td><\/td><\/tr><\/tbody><\/table><\/figure>\n\n\n\n<p>*Para los casos en que no pueda comprobar la experiencia en t\u00e9rminos del p\u00e1rrafo anterior, podr\u00e1 presentar copia de los curr\u00edculos y certificados del personal capacitado con el que cuenta para llevar a cabo actividades de Reconocimiento y Exploraci\u00f3n Superficial, con experiencia de al menos tres Proyectos&nbsp;<\/p>\n\n\n\n<h2 class=\"wp-block-heading\" id=\"costos\">Costos<\/h2>\n\n\n\n<figure class=\"wp-block-table\"><table><thead><tr><th>Concepto<\/th><th>Monto<\/th><\/tr><\/thead><tbody><tr><td>Tr\u00e1mite&nbsp;<\/td><td>Gratuito<\/td><\/tr><\/tbody><\/table><\/figure>\n","protected":false},"excerpt":{"rendered":"<p>Solicita tu inscripci\u00f3n al Padr\u00f3n para realizar Actividades de Reconocimiento y Exploraci\u00f3n Superficial Te permite presentar tu solicitud para inscribirse al Padr\u00f3n para realizar Actividades de Reconocimiento y Exploraci\u00f3n Superficial Documentos necesarios Documento requerido Presentaci\u00f3n Documentos t\u00e9cnicos:Descripci\u00f3n de caracter\u00edsticas geol\u00f3gicas de las \u00e1reas en donde haya desarrollado Proyectos de Adquisici\u00f3n, Procesamiento, Reprocesamiento o Interpretaci\u00f3n de&#8230;<\/p>\n","protected":false},"author":1,"featured_media":0,"parent":0,"menu_order":0,"comment_status":"closed","ping_status":"closed","template":"","meta":{"ngg_post_thumbnail":0,"_kad_post_transparent":"","_kad_post_title":"","_kad_post_layout":"","_kad_post_sidebar_id":"","_kad_post_content_style":"","_kad_post_vertical_padding":"","_kad_post_feature":"","_kad_post_feature_position":"","_kad_post_header":false,"_kad_post_footer":false,"_kad_post_classname":"","footnotes":""},"class_list":["post-88","page","type-page","status-publish","hentry"],"_hostinger_reach_plugin_has_subscription_block":false,"_hostinger_reach_plugin_is_elementor":false,"_links":{"self":[{"href":"https:\/\/administraciontesoreria.com\/index.php\/wp-json\/wp\/v2\/pages\/88","targetHints":{"allow":["GET"]}}],"collection":[{"href":"https:\/\/administraciontesoreria.com\/index.php\/wp-json\/wp\/v2\/pages"}],"about":[{"href":"https:\/\/administraciontesoreria.com\/index.php\/wp-json\/wp\/v2\/types\/page"}],"author":[{"embeddable":true,"href":"https:\/\/administraciontesoreria.com\/index.php\/wp-json\/wp\/v2\/users\/1"}],"replies":[{"embeddable":true,"href":"https:\/\/administraciontesoreria.com\/index.php\/wp-json\/wp\/v2\/comments?post=88"}],"version-history":[{"count":2,"href":"https:\/\/administraciontesoreria.com\/index.php\/wp-json\/wp\/v2\/pages\/88\/revisions"}],"predecessor-version":[{"id":122,"href":"https:\/\/administraciontesoreria.com\/index.php\/wp-json\/wp\/v2\/pages\/88\/revisions\/122"}],"wp:attachment":[{"href":"https:\/\/administraciontesoreria.com\/index.php\/wp-json\/wp\/v2\/media?parent=88"}],"curies":[{"name":"wp","href":"https:\/\/api.w.org\/{rel}","templated":true}]}}