{"id":86,"date":"2024-03-20T18:52:46","date_gmt":"2024-03-20T17:52:46","guid":{"rendered":"https:\/\/administraciontesoreria.com\/?page_id=86"},"modified":"2024-03-20T19:31:19","modified_gmt":"2024-03-20T18:31:19","slug":"educacion","status":"publish","type":"page","link":"https:\/\/administraciontesoreria.com\/index.php\/educacion\/","title":{"rendered":"Educaci\u00f3n"},"content":{"rendered":"\n<h4 class=\"wp-block-heading\">Antecedentes profesionales<\/h4>\n\n\n\n<hr class=\"wp-block-separator has-alpha-channel-opacity\"\/>\n\n\n\n<p><a href=\"https:\/\/www.gob.mx\/tramites\/ficha\/consulta-el-archivo-de-la-direccion-general-de-profesiones-en-relacion-a-sus-diversos-registros\/SEP1515\" target=\"_blank\" rel=\"noreferrer noopener\"><\/a><\/p>\n\n\n\n<p>Consulta el archivo de la Direcci\u00f3n General de Profesiones en relaci\u00f3n a sus diversos registros<\/p>\n\n\n\n<h1 class=\"wp-block-heading\">Consulta el archivo de la Direcci\u00f3n General de Profesiones en relaci\u00f3n a sus diversos registros<\/h1>\n\n\n\n<p>Sirve para conocer los diversos registros que existen respecto a las carreras, instituciones educativas, profesionistas y las puedes consultar en la Direcci\u00f3n General de Profesiones de la Secretar\u00eda de Educaci\u00f3n P\u00fablica (SEP).<\/p>\n\n\n\n<h2 class=\"wp-block-heading\">Documentos necesarios<\/h2>\n\n\n\n<figure class=\"wp-block-table\"><table><thead><tr><td><strong>Documento requerido<\/strong><\/td><td><strong>Presentaci\u00f3n<\/strong><\/td><\/tr><\/thead><tbody><tr><td>Pago de derechos<\/td><td>Original y Copia<\/td><\/tr><\/tbody><\/table><\/figure>\n\n\n\n<h2 class=\"wp-block-heading\" id=\"costos\">Costos<\/h2>\n\n\n\n<figure class=\"wp-block-table\"><table><thead><tr><th>Concepto<\/th><th>Monto<\/th><\/tr><\/thead><tbody><tr><td>Pago de derechos de consulta de archivo&nbsp;<\/td><td>$212.00 mxn<\/td><\/tr><\/tbody><\/table><\/figure>\n\n\n\n<p><strong>Nota:<\/strong>&nbsp;Para generar la l\u00ednea de captura del pago correspondiente ingresa a la siguiente&nbsp;<a target=\"_blank\" href=\"http:\/\/sep.gob.mx\/work\/appsite\/e5_ene12\/dpa\/hojaayuda.html?institucion=dpa\" rel=\"noreferrer noopener\">liga<\/a>.<\/p>\n\n\n\n<p>Es necesario considerar lo que establece la Ley Federal de Derechos en donde se indica lo siguiente:<\/p>\n\n\n\n<p>Art\u00edculo 6.- Para determinar las cuotas de los derechos establecidos en esta ley se considerar\u00e1n inclusive, las fracciones del peso; no obstante, lo anterior para efectuar su pago el monto se ajustar\u00e1 para que las que contengan cantidades que incluyan de 1 hasta 50 centavos se ajusten a la unidad de peso inmediato anterior y las que contengan cantidades mayores de 50 y hasta 99 centavos, se ajusten a la unidad de peso inmediato superior.<\/p>\n\n\n\n<p>Cuando en un mismo acto el contribuyente debe efectuar el pago de dos o m\u00e1s derechos, deber\u00e1 considerar en todo caso la cuota sin ajuste que corresponda a cada derecho, y solo a la suma de los mismos se aplicar\u00e1 el ajuste a que se refiere el p\u00e1rrafo anterior.<\/p>\n","protected":false},"excerpt":{"rendered":"<p>Antecedentes profesionales Consulta el archivo de la Direcci\u00f3n General de Profesiones en relaci\u00f3n a sus diversos registros Consulta el archivo de la Direcci\u00f3n General de Profesiones en relaci\u00f3n a sus diversos registros Sirve para conocer los diversos registros que existen respecto a las carreras, instituciones educativas, profesionistas y las puedes consultar en la Direcci\u00f3n General&#8230;<\/p>\n","protected":false},"author":1,"featured_media":0,"parent":0,"menu_order":0,"comment_status":"closed","ping_status":"closed","template":"","meta":{"ngg_post_thumbnail":0,"_kad_post_transparent":"","_kad_post_title":"","_kad_post_layout":"","_kad_post_sidebar_id":"","_kad_post_content_style":"","_kad_post_vertical_padding":"","_kad_post_feature":"","_kad_post_feature_position":"","_kad_post_header":false,"_kad_post_footer":false,"_kad_post_classname":"","footnotes":""},"class_list":["post-86","page","type-page","status-publish","hentry"],"_hostinger_reach_plugin_has_subscription_block":false,"_hostinger_reach_plugin_is_elementor":false,"_links":{"self":[{"href":"https:\/\/administraciontesoreria.com\/index.php\/wp-json\/wp\/v2\/pages\/86","targetHints":{"allow":["GET"]}}],"collection":[{"href":"https:\/\/administraciontesoreria.com\/index.php\/wp-json\/wp\/v2\/pages"}],"about":[{"href":"https:\/\/administraciontesoreria.com\/index.php\/wp-json\/wp\/v2\/types\/page"}],"author":[{"embeddable":true,"href":"https:\/\/administraciontesoreria.com\/index.php\/wp-json\/wp\/v2\/users\/1"}],"replies":[{"embeddable":true,"href":"https:\/\/administraciontesoreria.com\/index.php\/wp-json\/wp\/v2\/comments?post=86"}],"version-history":[{"count":2,"href":"https:\/\/administraciontesoreria.com\/index.php\/wp-json\/wp\/v2\/pages\/86\/revisions"}],"predecessor-version":[{"id":121,"href":"https:\/\/administraciontesoreria.com\/index.php\/wp-json\/wp\/v2\/pages\/86\/revisions\/121"}],"wp:attachment":[{"href":"https:\/\/administraciontesoreria.com\/index.php\/wp-json\/wp\/v2\/media?parent=86"}],"curies":[{"name":"wp","href":"https:\/\/api.w.org\/{rel}","templated":true}]}}