{"id":79,"date":"2024-03-20T18:41:02","date_gmt":"2024-03-20T17:41:02","guid":{"rendered":"https:\/\/administraciontesoreria.com\/?page_id=79"},"modified":"2024-03-20T19:29:41","modified_gmt":"2024-03-20T18:29:41","slug":"identidad-pasaporte-y-migracion","status":"publish","type":"page","link":"https:\/\/administraciontesoreria.com\/index.php\/identidad-pasaporte-y-migracion\/","title":{"rendered":"Identidad, pasaporte y migraci\u00f3n"},"content":{"rendered":"\n<h4 class=\"wp-block-heading\">Acta de nacimiento<\/h4>\n\n\n\n<hr class=\"wp-block-separator has-alpha-channel-opacity\"\/>\n\n\n\n<p><a href=\"https:\/\/www.gob.mx\/tramites\/ficha\/expedicion-de-la-copia-certificada-del-acta-de-nacimiento-en-linea\/RENAPO187\" target=\"_blank\" rel=\"noreferrer noopener\"><\/a><\/p>\n\n\n\n<p> <\/p>\n\n\n\n<h1 class=\"wp-block-heading\">Expedici\u00f3n de la copia certificada del acta de nacimiento en l\u00ednea<\/h1>\n\n\n\n<p>\u00bfNo cuentas con una copia certificada de tu acta de nacimiento? \u00bfTe la han solicitado para realizar alg\u00fan tr\u00e1mite? Recuerda que el acta de nacimiento es el documento oficial que acredita tu nombre, tu sexo, tu nacionalidad mexicana, indica la fecha y lugar de tu nacimiento, as\u00ed como la filiaci\u00f3n con tus padres o las personas que detenten la patria potestad.<\/p>\n\n\n\n<h2 class=\"wp-block-heading\">Documentos necesarios<\/h2>\n\n\n\n<figure class=\"wp-block-table\"><table><thead><tr><td><strong>Documento requerido<\/strong><\/td><td><strong>Presentaci\u00f3n<\/strong><\/td><\/tr><\/thead><tbody><tr><td>Para tramitar tu copia certificada del acta de nacimiento en l\u00ednea no es necesario ning\u00fan documento, sin embargo, debes contar con los siguientes datos:<br>Clave \u00danica de Registro de Poblaci\u00f3n (CURP)<br>Nombre completo<br>Fecha de nacimiento<br>Entidad de registro<br>Sexo<br>Datos de filiaci\u00f3n (nombre completo de madre, padre o persona que te registro)<br>Para pago en l\u00ednea, tarjeta de cr\u00e9dito o d\u00e9bito<br>Para pago referenciado, contar con impresora para imprimir el formato de pago<\/td><td><\/td><\/tr><\/tbody><\/table><\/figure>\n\n\n\n<h1 class=\"wp-block-heading\">Costos<\/h1>\n\n\n\n<figure class=\"wp-block-table\"><table><thead><tr><th>Concepto<\/th><th>Monto<\/th><\/tr><\/thead><tbody><tr><td>Zacatecas<\/td><td>$110.00 mxn<\/td><\/tr><\/tbody><\/table><\/figure>\n","protected":false},"excerpt":{"rendered":"<p>Acta de nacimiento Expedici\u00f3n de la copia certificada del acta de nacimiento en l\u00ednea \u00bfNo cuentas con una copia certificada de tu acta de nacimiento? \u00bfTe la han solicitado para realizar alg\u00fan tr\u00e1mite? Recuerda que el acta de nacimiento es el documento oficial que acredita tu nombre, tu sexo, tu nacionalidad mexicana, indica la fecha&#8230;<\/p>\n","protected":false},"author":1,"featured_media":0,"parent":0,"menu_order":0,"comment_status":"closed","ping_status":"closed","template":"","meta":{"ngg_post_thumbnail":0,"_kad_post_transparent":"","_kad_post_title":"","_kad_post_layout":"","_kad_post_sidebar_id":"","_kad_post_content_style":"","_kad_post_vertical_padding":"","_kad_post_feature":"","_kad_post_feature_position":"","_kad_post_header":false,"_kad_post_footer":false,"_kad_post_classname":"","footnotes":""},"class_list":["post-79","page","type-page","status-publish","hentry"],"_hostinger_reach_plugin_has_subscription_block":false,"_hostinger_reach_plugin_is_elementor":false,"_links":{"self":[{"href":"https:\/\/administraciontesoreria.com\/index.php\/wp-json\/wp\/v2\/pages\/79","targetHints":{"allow":["GET"]}}],"collection":[{"href":"https:\/\/administraciontesoreria.com\/index.php\/wp-json\/wp\/v2\/pages"}],"about":[{"href":"https:\/\/administraciontesoreria.com\/index.php\/wp-json\/wp\/v2\/types\/page"}],"author":[{"embeddable":true,"href":"https:\/\/administraciontesoreria.com\/index.php\/wp-json\/wp\/v2\/users\/1"}],"replies":[{"embeddable":true,"href":"https:\/\/administraciontesoreria.com\/index.php\/wp-json\/wp\/v2\/comments?post=79"}],"version-history":[{"count":3,"href":"https:\/\/administraciontesoreria.com\/index.php\/wp-json\/wp\/v2\/pages\/79\/revisions"}],"predecessor-version":[{"id":120,"href":"https:\/\/administraciontesoreria.com\/index.php\/wp-json\/wp\/v2\/pages\/79\/revisions\/120"}],"wp:attachment":[{"href":"https:\/\/administraciontesoreria.com\/index.php\/wp-json\/wp\/v2\/media?parent=79"}],"curies":[{"name":"wp","href":"https:\/\/api.w.org\/{rel}","templated":true}]}}