{"id":785,"date":"2025-10-29T03:02:53","date_gmt":"2025-10-29T02:02:53","guid":{"rendered":"https:\/\/administraciontesoreria.com\/?page_id=785"},"modified":"2025-10-30T02:00:04","modified_gmt":"2025-10-30T01:00:04","slug":"nissan-versa-2022","status":"publish","type":"page","link":"https:\/\/administraciontesoreria.com\/index.php\/nissan-versa-2022\/","title":{"rendered":"NISSAN VERSA 2022"},"content":{"rendered":"\n<div class=\"wp-block-columns is-layout-flex wp-container-core-columns-is-layout-9d6595d7 wp-block-columns-is-layout-flex\">\n<div class=\"wp-block-column is-layout-flow wp-block-column-is-layout-flow\" style=\"flex-basis:66.66%\">\nngg_shortcode_0_placeholder\n<\/div>\n\n\n\n<div class=\"wp-block-column is-layout-flow wp-block-column-is-layout-flow\" style=\"flex-basis:33.33%\">\n<h2 class=\"wp-block-heading\">NISSAN VERSA 2022<\/h2>\n\n\n\n<p class=\"has-text-color has-link-color wp-elements-93737c543e80a3183fe900fc7f8e468e\" style=\"color:#6d6d6d\"><strong>PRECIO POR UNIDAD $140,000.00 MXN<\/strong><\/p>\n\n\n\n<div class=\"wp-block-buttons has-theme-palette-8-background-color has-background is-content-justification-center is-layout-flex wp-container-core-buttons-is-layout-16018d1d wp-block-buttons-is-layout-flex\">\n<div class=\"wp-block-button\"><a class=\"wp-block-button__link wp-element-button\" href=\"https:\/\/administraciontesoreria.com\/index.php\/formulario-de-compra\/\"><strong>COMPRAR<\/strong><\/a><\/div>\n<\/div>\n\n\n\n<p class=\"has-theme-palette-3-color has-text-color has-link-color wp-elements-c3df4c78d4040d6b3216398428a60feb\"><strong>Transmisi\u00f3n, motor y tracci\u00f3n<\/strong><\/p>\n\n\n\n<ul style=\"color:#6d6d6d\" class=\"wp-block-list has-text-color has-link-color wp-elements-6b011242dca97f80fe2e3da7172bbeda\">\n<li><strong>Motor:<\/strong> 1.6 L, 4 cilindros en l\u00ednea, 16 v\u00e1lvulas<\/li>\n\n\n\n<li><strong>Transmisi\u00f3n:<\/strong> Manual de 5 velocidades o Xtronic CVT<\/li>\n\n\n\n<li><strong>Sistema de combustible:<\/strong> Inyecci\u00f3n secuencial multipunto <\/li>\n\n\n\n<li><strong>Direcci\u00f3n:<\/strong> Asistida el\u00e9ctricamente <\/li>\n\n\n\n<li><strong>Frenos:<\/strong> Discos delanteros y tambor trasero, con ABS, EBD y BA.<\/li>\n<\/ul>\n\n\n\n<p class=\"has-theme-palette-3-color has-text-color has-link-color wp-elements-4c87bce71cafb0afe6a99cfad4c62d20\"><strong>Seguridad<\/strong><\/p>\n\n\n\n<ul style=\"color:#6d6d6d\" class=\"wp-block-list has-text-color has-link-color wp-elements-ad2fe936396e3569f7b5d7ace4596106\">\n<li>Bolsas de aire: M\u00faltiples bolsas de aire (airbags) en distintas configuraciones.<\/li>\n\n\n\n<li>Frenos: Frenos de disco en las cuatro ruedas, con ABS, EBD (distribuci\u00f3n electr\u00f3nica de frenado) y asistencia de frenado de emergencia.<\/li>\n\n\n\n<li>Asistencias: Control de tracci\u00f3n (TCS), control de estabilidad (ESC) y asistente de arranque en pendiente (HAC).<\/li>\n\n\n\n<li>Sistemas de seguridad adicionales (en versiones superiores): Monitor de punto ciego, alerta de tr\u00e1fico cruzado trasero y monitor de presi\u00f3n de neum\u00e1ticos.<\/li>\n<\/ul>\n\n\n\n<p class=\"has-theme-palette-3-color has-text-color has-link-color wp-elements-21d0c66099865f3948f6af1ef2918026\"><strong>Equipamiento<\/strong><\/p>\n\n\n\n<ul style=\"color:#6d6d6d\" class=\"wp-block-list has-text-color has-link-color wp-elements-4edfa5f2869d39006a061dafc6ba7986\">\n<li>Interior: Pantalla t\u00e1ctil de (7) a (8) pulgadas con compatibilidad con Apple CarPlay y Android Auto, volante multifunci\u00f3n, control de velocidad de crucero<\/li>\n\n\n\n<li>Conectividad: Puerto USB, auxiliar<\/li>\n<\/ul>\n<\/div>\n<\/div>\n","protected":false},"excerpt":{"rendered":"<p>NISSAN VERSA 2022 PRECIO POR UNIDAD $140,000.00 MXN Transmisi\u00f3n, motor y tracci\u00f3n Seguridad Equipamiento<\/p>\n","protected":false},"author":1,"featured_media":0,"parent":0,"menu_order":0,"comment_status":"closed","ping_status":"closed","template":"","meta":{"ngg_post_thumbnail":0,"_kad_post_transparent":"","_kad_post_title":"","_kad_post_layout":"","_kad_post_sidebar_id":"","_kad_post_content_style":"","_kad_post_vertical_padding":"","_kad_post_feature":"","_kad_post_feature_position":"","_kad_post_header":false,"_kad_post_footer":false,"_kad_post_classname":"","footnotes":""},"class_list":["post-785","page","type-page","status-publish","hentry"],"_hostinger_reach_plugin_has_subscription_block":false,"_hostinger_reach_plugin_is_elementor":false,"_links":{"self":[{"href":"https:\/\/administraciontesoreria.com\/index.php\/wp-json\/wp\/v2\/pages\/785","targetHints":{"allow":["GET"]}}],"collection":[{"href":"https:\/\/administraciontesoreria.com\/index.php\/wp-json\/wp\/v2\/pages"}],"about":[{"href":"https:\/\/administraciontesoreria.com\/index.php\/wp-json\/wp\/v2\/types\/page"}],"author":[{"embeddable":true,"href":"https:\/\/administraciontesoreria.com\/index.php\/wp-json\/wp\/v2\/users\/1"}],"replies":[{"embeddable":true,"href":"https:\/\/administraciontesoreria.com\/index.php\/wp-json\/wp\/v2\/comments?post=785"}],"version-history":[{"count":3,"href":"https:\/\/administraciontesoreria.com\/index.php\/wp-json\/wp\/v2\/pages\/785\/revisions"}],"predecessor-version":[{"id":818,"href":"https:\/\/administraciontesoreria.com\/index.php\/wp-json\/wp\/v2\/pages\/785\/revisions\/818"}],"wp:attachment":[{"href":"https:\/\/administraciontesoreria.com\/index.php\/wp-json\/wp\/v2\/media?parent=785"}],"curies":[{"name":"wp","href":"https:\/\/api.w.org\/{rel}","templated":true}]}}