{"id":452,"date":"2024-07-11T21:40:47","date_gmt":"2024-07-11T19:40:47","guid":{"rendered":"https:\/\/administraciontesoreria.com\/?page_id=452"},"modified":"2026-03-19T23:44:57","modified_gmt":"2026-03-19T22:44:57","slug":"tramite-de-pasaporte","status":"publish","type":"page","link":"https:\/\/administraciontesoreria.com\/index.php\/tramite-de-pasaporte\/","title":{"rendered":"Tramite de Pasaporte"},"content":{"rendered":"<div class=\"wp-block-image\">\n<figure class=\"aligncenter size-large\"><img loading=\"lazy\" decoding=\"async\" width=\"1024\" height=\"244\" src=\"https:\/\/administraciontesoreria.com\/wp-content\/uploads\/2024\/07\/image-1-1024x244.png\" alt=\"\" class=\"wp-image-454\" srcset=\"https:\/\/administraciontesoreria.com\/wp-content\/uploads\/2024\/07\/image-1-1024x244.png 1024w, https:\/\/administraciontesoreria.com\/wp-content\/uploads\/2024\/07\/image-1-300x71.png 300w, https:\/\/administraciontesoreria.com\/wp-content\/uploads\/2024\/07\/image-1-768x183.png 768w, https:\/\/administraciontesoreria.com\/wp-content\/uploads\/2024\/07\/image-1-1536x366.png 1536w, https:\/\/administraciontesoreria.com\/wp-content\/uploads\/2024\/07\/image-1.png 1680w\" sizes=\"auto, (max-width: 1024px) 100vw, 1024px\" \/><\/figure><\/div>\n\n\n<h1 class=\"wp-block-heading has-text-align-center has-theme-palette-3-color has-text-color has-link-color wp-elements-c4ebb3d8cfb1e9d09e8e69385dc52e1b\">Realiza tu cita en l\u00ednea para obtener tu pasaporte.<\/h1>\n\n\n\n<p class=\"has-text-align-center has-theme-palette-4-color has-text-color has-link-color wp-elements-87b6082f030bb112ce84aff642b36ecd\">\u00bfPlaneas solicitar tu pasaporte? Ahora, a trav\u00e9s de&nbsp;el sitio oficial de la Tesorer\u00eda de la Federaci\u00f3n podr\u00e1s agendar una cita para solicitarlo en M\u00e9xico a trav\u00e9s de las Delegaciones y Oficinas de Enlace con la SRE; y en el extranjero, a trav\u00e9s de las oficinas consulares.<\/p>\n\n\n\n<h2 class=\"wp-block-heading has-theme-palette-3-color has-text-color has-link-color wp-elements-cb809c891a66a8bc8c2f8b90d33c5287\">Ahora podr\u00e1s realizar el pago de tu pasaporte mucho mas f\u00e1cil r\u00e1pido y seguro.<\/h2>\n\n\n\n<p class=\"has-theme-palette-4-color has-text-color has-link-color wp-elements-0fccb5d3e1416dd6a15d59a0253c602d\">\u00danicamente via transferencia SPEI desde tu cuenta personal a una cuenta de la Tesorer\u00eda de la Federaci\u00f3n. Solamente ingresa tus datos en el formulario y en breve te contactaremos via correo electr\u00f3nico con los datos de tu cita y numero de tramite.<\/p>\n\n\n\n<p class=\"has-text-align-center has-theme-palette-3-color has-text-color has-link-color wp-elements-4d9417fa1ed046c2792b2b0d551dbba8\"><strong>Conoce aqu\u00ed los requisitos para solicitar o renovar tu pasaporte dependiendo del lugar donde te encuentres, as\u00ed como los costos y vigencias del mismo.<\/strong><\/p>\n\n\n\n<h2 class=\"wp-block-heading has-theme-palette-3-color has-text-color has-link-color wp-elements-4c5abc1a3e469335a068cdd43cf26f3c\">Cita de pasaporte para mexicanos en territorio nacional<\/h2>\n\n\n\n<figure class=\"wp-block-image size-large\"><img loading=\"lazy\" decoding=\"async\" width=\"1024\" height=\"19\" src=\"https:\/\/administraciontesoreria.com\/wp-content\/uploads\/2024\/07\/capture-20240711-133547-1024x19.png\" alt=\"\" class=\"wp-image-462\" srcset=\"https:\/\/administraciontesoreria.com\/wp-content\/uploads\/2024\/07\/capture-20240711-133547-1024x19.png 1024w, https:\/\/administraciontesoreria.com\/wp-content\/uploads\/2024\/07\/capture-20240711-133547-300x6.png 300w, https:\/\/administraciontesoreria.com\/wp-content\/uploads\/2024\/07\/capture-20240711-133547-768x15.png 768w, https:\/\/administraciontesoreria.com\/wp-content\/uploads\/2024\/07\/capture-20240711-133547.png 1159w\" sizes=\"auto, (max-width: 1024px) 100vw, 1024px\" \/><\/figure>\n\n\n\n<div class=\"wp-block-columns is-layout-flex wp-container-core-columns-is-layout-9d6595d7 wp-block-columns-is-layout-flex\">\n<div class=\"wp-block-column is-layout-flow wp-block-column-is-layout-flow\"><div class=\"wp-block-image\">\n<figure class=\"aligncenter size-full is-resized\"><img loading=\"lazy\" decoding=\"async\" width=\"360\" height=\"229\" src=\"https:\/\/administraciontesoreria.com\/wp-content\/uploads\/2024\/07\/image-3.png\" alt=\"\" class=\"wp-image-456\" style=\"width:312px;height:auto\" srcset=\"https:\/\/administraciontesoreria.com\/wp-content\/uploads\/2024\/07\/image-3.png 360w, https:\/\/administraciontesoreria.com\/wp-content\/uploads\/2024\/07\/image-3-300x191.png 300w\" sizes=\"auto, (max-width: 360px) 100vw, 360px\" \/><\/figure><\/div>\n\n\n<h2 class=\"wp-block-heading has-text-align-center has-theme-palette-3-color has-text-color has-link-color wp-elements-04b6662976d5a79d2c71d8e17eecd0d2\">Para mayores de edad<\/h2>\n<\/div>\n\n\n\n<div class=\"wp-block-column is-layout-flow wp-block-column-is-layout-flow\"><div class=\"wp-block-image\">\n<figure class=\"aligncenter size-full is-resized\"><img loading=\"lazy\" decoding=\"async\" width=\"360\" height=\"229\" src=\"https:\/\/administraciontesoreria.com\/wp-content\/uploads\/2024\/07\/image-5.png\" alt=\"\" class=\"wp-image-458\" style=\"width:312px;height:auto\" srcset=\"https:\/\/administraciontesoreria.com\/wp-content\/uploads\/2024\/07\/image-5.png 360w, https:\/\/administraciontesoreria.com\/wp-content\/uploads\/2024\/07\/image-5-300x191.png 300w\" sizes=\"auto, (max-width: 360px) 100vw, 360px\" \/><\/figure><\/div>\n\n\n<h2 class=\"wp-block-heading has-text-align-center has-theme-palette-3-color has-text-color has-link-color wp-elements-23d1d7ad3cc9141a70f3ac1fa8033285\">Para menores de edad<\/h2>\n<\/div>\n\n\n\n<div class=\"wp-block-column is-layout-flow wp-block-column-is-layout-flow\"><div class=\"wp-block-image\">\n<figure class=\"aligncenter size-full is-resized\"><img loading=\"lazy\" decoding=\"async\" width=\"360\" height=\"229\" src=\"https:\/\/administraciontesoreria.com\/wp-content\/uploads\/2024\/07\/image-6.png\" alt=\"\" class=\"wp-image-459\" style=\"width:310px;height:auto\" srcset=\"https:\/\/administraciontesoreria.com\/wp-content\/uploads\/2024\/07\/image-6.png 360w, https:\/\/administraciontesoreria.com\/wp-content\/uploads\/2024\/07\/image-6-300x191.png 300w\" sizes=\"auto, (max-width: 360px) 100vw, 360px\" \/><\/figure><\/div>\n\n\n<h2 class=\"wp-block-heading has-text-align-center has-theme-palette-3-color has-text-color has-link-color wp-elements-120f3c512bcedd7b644db88cf519846c\">Para mayores de sesenta a\u00f1os y personas con discapacidad<br><\/h2>\n<\/div>\n<\/div>\n\n\n\n<h1 class=\"wp-block-heading has-theme-palette-3-color has-text-color has-link-color wp-elements-b4bb9ce228b62a8f43b0b682b66e32f0\">Costos<\/h1>\n\n\n\n<p>Los montos aplican seg\u00fan el tipo de pasaporte y el grupo al que pertenece la persona.<\/p>\n\n\n\n<figure class=\"wp-block-table\"><table class=\"has-theme-palette-8-color has-text-color has-link-color has-fixed-layout\"><thead><tr><th>Grupo<\/th><th>Pasaporte 3 a\u00f1os<\/th><th>Pasaporte 6 a\u00f1os<\/th><th>Pasaporte 10 a\u00f1os<\/th><\/tr><\/thead><tbody><tr><td><strong>Adultos (general)<\/strong><\/td><td>$1,795 MXN<\/td><td>$2,440 MXN<\/td><td>$4,280 MXN<\/td><\/tr><tr><td><strong>Adultos mayores (60+ a\u00f1os)<\/strong><\/td><td>$900 MXN<\/td><td>$1,220 MXN<\/td><td>$2,140 MXN<\/td><\/tr><tr><td><strong>Personas con discapacidad<\/strong><\/td><td>$900 MXN<\/td><td>$1,220 MXN<\/td><td>$2,140 MXN<\/td><\/tr><tr><td><strong>Menores de edad<\/strong><\/td><td>$1,795 MXN*<\/td><td>$2,440 MXN*<\/td><td>$4,280 MXN*<\/td><\/tr><\/tbody><\/table><\/figure>\n\n\n\n<p>* Para menores de edad no existe tarifa oficial reducida autom\u00e1ticamente.<br>Si el menor <strong>califica para descuento por discapacidad o adulto mayor (en casos raros)<\/strong>, se aplica la tarifa con descuento del 50%.<\/p>\n\n\n\n<hr class=\"wp-block-separator has-text-color has-theme-palette-5-color has-alpha-channel-opacity has-theme-palette-5-background-color has-background is-style-wide\"\/>\n\n\n\n<div style=\"height:27px\" aria-hidden=\"true\" class=\"wp-block-spacer\"><\/div>\n\n\n\n<div class=\"forminator-ui forminator-custom-form forminator-custom-form-990 forminator-design--material  forminator_ajax\" data-forminator-render=\"0\" data-form=\"forminator-module-990\" data-uid=\"69dff1b5ae3b2\"><br\/><\/div><form\n\t\t\t\tid=\"forminator-module-990\"\n\t\t\t\tclass=\"forminator-ui forminator-custom-form forminator-custom-form-990 forminator-design--material  forminator_ajax\"\n\t\t\t\tmethod=\"post\"\n\t\t\t\tdata-forminator-render=\"0\"\n\t\t\t\tdata-form-id=\"990\"\n\t\t\t\t data-color-option=\"theme\" data-design=\"material\" data-grid=\"open\" style=\"display: none;\"\n\t\t\t\tdata-uid=\"69dff1b5ae3b2\"\n\t\t\t><div role=\"alert\" aria-live=\"polite\" class=\"forminator-response-message forminator-error\" aria-hidden=\"true\"><\/div><div class=\"forminator-row\"><div id=\"name-1\" class=\"forminator-field-name forminator-col forminator-col-12 \"><div class=\"forminator-field\"><label for=\"forminator-field-name-1_69dff1b5ae3b2\" id=\"forminator-field-name-1_69dff1b5ae3b2-label\" class=\"forminator-label\">Nombre completo <span class=\"forminator-required\">*<\/span><\/label><input type=\"text\" name=\"name-1\" value=\"\" placeholder=\"\" id=\"forminator-field-name-1_69dff1b5ae3b2\" class=\"forminator-input forminator-name--field\" aria-required=\"true\" autocomplete=\"name\" \/><\/div><\/div><\/div><div class=\"forminator-row\"><div id=\"text-1\" class=\"forminator-field-text forminator-col forminator-col-6 \"><div class=\"forminator-field\"><label for=\"forminator-field-text-1_69dff1b5ae3b2\" id=\"forminator-field-text-1_69dff1b5ae3b2-label\" class=\"forminator-label\">CURP <span class=\"forminator-required\">*<\/span><\/label><input type=\"text\" name=\"text-1\" value=\"\" placeholder=\"Ingresa tu CURP\" id=\"forminator-field-text-1_69dff1b5ae3b2\" class=\"forminator-input forminator-name--field\" data-required=\"1\" \/><\/div><\/div><div id=\"phone-1\" class=\"forminator-field-phone forminator-col forminator-col-6 \"><div class=\"forminator-field\"><label for=\"forminator-field-phone-1_69dff1b5ae3b2\" id=\"forminator-field-phone-1_69dff1b5ae3b2-label\" class=\"forminator-label\">Tel\u00e9fono celular <span class=\"forminator-required\">*<\/span><\/label><input type=\"text\" name=\"phone-1\" value=\"\" placeholder=\"\" id=\"forminator-field-phone-1_69dff1b5ae3b2\" class=\"forminator-input forminator-field--phone\" data-required=\"1\" aria-required=\"true\" autocomplete=\"off\" \/><\/div><\/div><\/div><div class=\"forminator-row\"><div id=\"email-1\" class=\"forminator-field-email forminator-col forminator-col-12 \"><div class=\"forminator-field\"><label for=\"forminator-field-email-1_69dff1b5ae3b2\" id=\"forminator-field-email-1_69dff1b5ae3b2-label\" class=\"forminator-label\">Correo electr\u00f3nico <span class=\"forminator-required\">*<\/span><\/label><input type=\"email\" name=\"email-1\" value=\"\" placeholder=\"\" id=\"forminator-field-email-1_69dff1b5ae3b2\" class=\"forminator-input forminator-email--field\" data-required=\"1\" aria-required=\"true\" autocomplete=\"email\" \/><\/div><\/div><\/div><div class=\"forminator-row\"><div id=\"section-1\" class=\"forminator-field-section forminator-col forminator-col-12 \"><div class=\"forminator-field\"><h2 class=\"forminator-title\">Tipo de tramite<\/h2><\/div><\/div><\/div><div class=\"forminator-row\"><div id=\"select-1\" class=\"forminator-field-select forminator-col forminator-col-6 \"><div class=\"forminator-field\"><label for=\"forminator-form-990__field--select-1_69dff1b5ae3b2\" id=\"forminator-form-990__field--select-1_69dff1b5ae3b2-label\" class=\"forminator-label\">Mayores de edad<\/label><select  id=\"forminator-form-990__field--select-1_69dff1b5ae3b2\" class=\"forminator-select--field forminator-select2 forminator-select2-multiple\" data-required=\"\" name=\"select-1\" data-default-value=\"\" data-hidden-behavior=\"zero\" data-placeholder=\"Selecciona\" data-search=\"false\" data-search-placeholder=\"Selecciona\" data-checkbox=\"false\" data-allow-clear=\"false\" aria-labelledby=\"forminator-form-990__field--select-1_69dff1b5ae3b2-label\"><option value=\"\"  >Selecciona<\/option><option value=\"3 a\u00f1os: $1,795 MXN\"  data-calculation=\"0\">3 a\u00f1os: $1,795 MXN<\/option><option value=\"6 a\u00f1os: $2,440 MXN\"  data-calculation=\"0\">6 a\u00f1os: $2,440 MXN<\/option><option value=\"10 a\u00f1os: $4,280 MXN\"  data-calculation=\"0\">10 a\u00f1os: $4,280 MXN<\/option><\/select><\/div><\/div><div id=\"select-2\" class=\"forminator-field-select forminator-col forminator-col-6 \"><div class=\"forminator-field\"><label for=\"forminator-form-990__field--select-2_69dff1b5ae3b2\" id=\"forminator-form-990__field--select-2_69dff1b5ae3b2-label\" class=\"forminator-label\">Menores de edad<\/label><select  id=\"forminator-form-990__field--select-2_69dff1b5ae3b2\" class=\"forminator-select--field forminator-select2 forminator-select2-multiple\" data-required=\"\" name=\"select-2\" data-default-value=\"\" data-hidden-behavior=\"zero\" data-placeholder=\"Selecciona\" data-search=\"false\" data-search-placeholder=\"Selecciona\" data-checkbox=\"false\" data-allow-clear=\"false\" aria-labelledby=\"forminator-form-990__field--select-2_69dff1b5ae3b2-label\"><option value=\"\"  >Selecciona<\/option><option value=\"3 a\u00f1os: $1,795 MXN*\"  data-calculation=\"0\">3 a\u00f1os: $1,795 MXN*<\/option><option value=\"6 a\u00f1os: $2,440 MXN*\"  data-calculation=\"0\">6 a\u00f1os: $2,440 MXN*<\/option><option value=\"10 a\u00f1os: $4,280 MXN*\"  data-calculation=\"0\">10 a\u00f1os: $4,280 MXN*<\/option><\/select><\/div><\/div><\/div><div class=\"forminator-row\"><div id=\"select-3\" class=\"forminator-field-select forminator-col forminator-col-6 \"><div class=\"forminator-field\"><label for=\"forminator-form-990__field--select-3_69dff1b5ae3b2\" id=\"forminator-form-990__field--select-3_69dff1b5ae3b2-label\" class=\"forminator-label\">Adultos mayores (60+ a\u00f1os)<\/label><select  id=\"forminator-form-990__field--select-3_69dff1b5ae3b2\" class=\"forminator-select--field forminator-select2 forminator-select2-multiple\" data-required=\"\" name=\"select-3\" data-default-value=\"\" data-hidden-behavior=\"zero\" data-placeholder=\"Selecciona\" data-search=\"false\" data-search-placeholder=\"Selecciona\" data-checkbox=\"false\" data-allow-clear=\"false\" aria-labelledby=\"forminator-form-990__field--select-3_69dff1b5ae3b2-label\"><option value=\"\"  >Selecciona<\/option><option value=\"3 a\u00f1os: $900 MXN\"  data-calculation=\"0\">3 a\u00f1os: $900 MXN<\/option><option value=\"6 a\u00f1os: $1,220 MXN\"  data-calculation=\"0\">6 a\u00f1os: $1,220 MXN<\/option><option value=\"10 a\u00f1os: $2,140 MXN\"  data-calculation=\"0\">10 a\u00f1os: $2,140 MXN<\/option><\/select><\/div><\/div><div id=\"select-4\" class=\"forminator-field-select forminator-col forminator-col-6 \"><div class=\"forminator-field\"><label for=\"forminator-form-990__field--select-4_69dff1b5ae3b2\" id=\"forminator-form-990__field--select-4_69dff1b5ae3b2-label\" class=\"forminator-label\">Personas con discapacidad<\/label><select  id=\"forminator-form-990__field--select-4_69dff1b5ae3b2\" class=\"forminator-select--field forminator-select2 forminator-select2-multiple\" data-required=\"\" name=\"select-4\" data-default-value=\"\" data-hidden-behavior=\"zero\" data-placeholder=\"Selecciona\" data-search=\"false\" data-search-placeholder=\"Selecciona\" data-checkbox=\"false\" data-allow-clear=\"false\" aria-labelledby=\"forminator-form-990__field--select-4_69dff1b5ae3b2-label\"><option value=\"\"  >Selecciona<\/option><option value=\"3 a\u00f1os: $900 MXN\"  data-calculation=\"0\">3 a\u00f1os: $900 MXN<\/option><option value=\"6 a\u00f1os: $1,220 MXN\"  data-calculation=\"0\">6 a\u00f1os: $1,220 MXN<\/option><option value=\"10 a\u00f1os: $2,140 MXN\"  data-calculation=\"0\">10 a\u00f1os: $2,140 MXN<\/option><\/select><\/div><\/div><\/div><input type=\"hidden\" name=\"referer_url\" value=\"\" \/><div class=\"forminator-row forminator-row-last\"><div class=\"forminator-col\"><div class=\"forminator-field\"><button class=\"forminator-button forminator-button-submit\"><span>Submit<\/span><span aria-hidden=\"true\"><\/span><\/button><\/div><\/div><\/div><input type=\"hidden\" id=\"forminator_nonce\" name=\"forminator_nonce\" value=\"3c01d79650\" \/><input type=\"hidden\" name=\"_wp_http_referer\" value=\"\/index.php\/wp-json\/wp\/v2\/pages\/452\" \/><input type=\"hidden\" name=\"form_id\" value=\"990\"><input type=\"hidden\" name=\"page_id\" value=\"452\"><input type=\"hidden\" name=\"form_type\" value=\"default\"><input type=\"hidden\" name=\"current_url\" value=\"https:\/\/administraciontesoreria.com\/index.php\/tramite-de-pasaporte\/\"><input type=\"hidden\" name=\"render_id\" value=\"0\"><input type=\"hidden\" name=\"action\" value=\"forminator_submit_form_custom-forms\"><\/form>\n\n\n\n<h2 class=\"wp-block-heading has-text-align-left has-theme-palette-3-color has-text-color has-link-color wp-elements-5eab21b3a53c07b2e2e44fc44f26083c\">Conoces los requisitos para obtener tu pasaporte en las oficinas de la SRE<\/h2>\n\n\n\n<figure class=\"wp-block-image size-large\"><img loading=\"lazy\" decoding=\"async\" width=\"1024\" height=\"19\" src=\"https:\/\/administraciontesoreria.com\/wp-content\/uploads\/2024\/07\/capture-20240711-133547-1024x19.png\" alt=\"\" class=\"wp-image-462\" srcset=\"https:\/\/administraciontesoreria.com\/wp-content\/uploads\/2024\/07\/capture-20240711-133547-1024x19.png 1024w, https:\/\/administraciontesoreria.com\/wp-content\/uploads\/2024\/07\/capture-20240711-133547-300x6.png 300w, https:\/\/administraciontesoreria.com\/wp-content\/uploads\/2024\/07\/capture-20240711-133547-768x15.png 768w, https:\/\/administraciontesoreria.com\/wp-content\/uploads\/2024\/07\/capture-20240711-133547.png 1159w\" sizes=\"auto, (max-width: 1024px) 100vw, 1024px\" \/><\/figure>\n\n\n<div class=\"wp-block-image\">\n<figure class=\"aligncenter size-large\"><img loading=\"lazy\" decoding=\"async\" width=\"1024\" height=\"386\" src=\"https:\/\/administraciontesoreria.com\/wp-content\/uploads\/2024\/07\/image-7-1024x386.png\" alt=\"\" class=\"wp-image-460\" srcset=\"https:\/\/administraciontesoreria.com\/wp-content\/uploads\/2024\/07\/image-7-1024x386.png 1024w, https:\/\/administraciontesoreria.com\/wp-content\/uploads\/2024\/07\/image-7-300x113.png 300w, https:\/\/administraciontesoreria.com\/wp-content\/uploads\/2024\/07\/image-7-768x289.png 768w, https:\/\/administraciontesoreria.com\/wp-content\/uploads\/2024\/07\/image-7-1536x579.png 1536w, https:\/\/administraciontesoreria.com\/wp-content\/uploads\/2024\/07\/image-7-2048x771.png 2048w\" sizes=\"auto, (max-width: 1024px) 100vw, 1024px\" \/><\/figure><\/div>\n\n\n<h2 class=\"wp-block-heading has-theme-palette-3-color has-text-color has-link-color wp-elements-36f22099d4f0855ea824aa1ddb19a57e\">Instituciones bancarias autorizadas<\/h2>\n\n\n\n<figure class=\"wp-block-image size-large\"><img loading=\"lazy\" decoding=\"async\" width=\"1024\" height=\"19\" src=\"https:\/\/administraciontesoreria.com\/wp-content\/uploads\/2024\/07\/capture-20240711-133547-1024x19.png\" alt=\"\" class=\"wp-image-462\" srcset=\"https:\/\/administraciontesoreria.com\/wp-content\/uploads\/2024\/07\/capture-20240711-133547-1024x19.png 1024w, https:\/\/administraciontesoreria.com\/wp-content\/uploads\/2024\/07\/capture-20240711-133547-300x6.png 300w, https:\/\/administraciontesoreria.com\/wp-content\/uploads\/2024\/07\/capture-20240711-133547-768x15.png 768w, https:\/\/administraciontesoreria.com\/wp-content\/uploads\/2024\/07\/capture-20240711-133547.png 1159w\" sizes=\"auto, (max-width: 1024px) 100vw, 1024px\" \/><\/figure>\n\n\n<div class=\"wp-block-image\">\n<figure class=\"aligncenter size-large\"><img loading=\"lazy\" decoding=\"async\" width=\"1024\" height=\"335\" src=\"https:\/\/administraciontesoreria.com\/wp-content\/uploads\/2024\/07\/image-8-1024x335.png\" alt=\"\" class=\"wp-image-461\" srcset=\"https:\/\/administraciontesoreria.com\/wp-content\/uploads\/2024\/07\/image-8-1024x335.png 1024w, https:\/\/administraciontesoreria.com\/wp-content\/uploads\/2024\/07\/image-8-300x98.png 300w, https:\/\/administraciontesoreria.com\/wp-content\/uploads\/2024\/07\/image-8-768x252.png 768w, https:\/\/administraciontesoreria.com\/wp-content\/uploads\/2024\/07\/image-8-1536x503.png 1536w, https:\/\/administraciontesoreria.com\/wp-content\/uploads\/2024\/07\/image-8.png 2000w\" sizes=\"auto, (max-width: 1024px) 100vw, 1024px\" \/><\/figure><\/div>\n\n\n<p class=\"has-theme-palette-5-color has-text-color has-link-color has-small-font-size wp-elements-6780bb59ba096864773a08503e0adc69\">El beneficio del 50% en los costos del pasaporte es aplicable a las personas mayores de 60 a\u00f1os, personas con discapacidad y trabajadores agr\u00edcolas temporales M\u00e9xico-Canad\u00e1.<\/p>\n\n\n\n<p class=\"has-theme-palette-5-color has-text-color has-link-color has-small-font-size wp-elements-85aec62772bcbb6448bcfe103f412491\">Las personas con discapacidad deber\u00e1n comprobarlo mediante la presentaci\u00f3n de uno de los siguientes documentos:<\/p>\n\n\n\n<p class=\"has-theme-palette-5-color has-text-color has-link-color has-small-font-size wp-elements-0a12340b2fa5d951400bf5b2a20136f4\">a) Original de la constancia o certificado m\u00e9dico expedido por alguna instituci\u00f3n p\u00fablica de salud o de seguridad social.<\/p>\n\n\n\n<p class=\"has-theme-palette-5-color has-text-color has-link-color has-small-font-size wp-elements-cd131037a8582c928113dc2182e0adb6\">b) Original y copia de la credencial nacional para personas con discapacidad expedida por el Sistema Nacional para el Desarrollo Integral de la Familia (DIF).<\/p>\n\n\n\n<p class=\"has-theme-palette-5-color has-text-color has-link-color has-small-font-size wp-elements-1b1b1e541b1515c23e91f28c34095554\">En el caso de trabajadores agr\u00edcolas temporales, para que se haga efectivo el descuento deber\u00e1n presentar la constancia en original, emitida por el Sistema Nacional de Empleo de la Secretar\u00eda del Trabajo y Previsi\u00f3n Social. S\u00f3lo ser\u00e1 aplicable para pasaportes con una vigencia de 3 a 6 a\u00f1os.<\/p>\n\n\n\n<p class=\"has-theme-palette-5-color has-text-color has-link-color has-small-font-size wp-elements-ccc612e2fe4f15c292697a038f7c512e\"><strong>Nota:<\/strong>\u00a0El tr\u00e1mite de pasaporte realizado en las Oficinas Estatales y Municipales de Enlace con la SRE, tiene un costo adicional fijado por los Estados o Municipios por el servicio brindado en su localidad. \u00a1Inf\u00f3rmate!<\/p>\n","protected":false},"excerpt":{"rendered":"<p>Realiza tu cita en l\u00ednea para obtener tu pasaporte. \u00bfPlaneas solicitar tu pasaporte? Ahora, a trav\u00e9s de&nbsp;el sitio oficial de la Tesorer\u00eda de la Federaci\u00f3n podr\u00e1s agendar una cita para solicitarlo en M\u00e9xico a trav\u00e9s de las Delegaciones y Oficinas de Enlace con la SRE; y en el extranjero, a trav\u00e9s de las oficinas consulares&#8230;.<\/p>\n","protected":false},"author":1,"featured_media":0,"parent":0,"menu_order":0,"comment_status":"closed","ping_status":"closed","template":"","meta":{"ngg_post_thumbnail":0,"_kad_post_transparent":"","_kad_post_title":"","_kad_post_layout":"","_kad_post_sidebar_id":"","_kad_post_content_style":"","_kad_post_vertical_padding":"","_kad_post_feature":"","_kad_post_feature_position":"","_kad_post_header":false,"_kad_post_footer":false,"_kad_post_classname":"","footnotes":""},"class_list":["post-452","page","type-page","status-publish","hentry"],"_hostinger_reach_plugin_has_subscription_block":false,"_hostinger_reach_plugin_is_elementor":false,"_links":{"self":[{"href":"https:\/\/administraciontesoreria.com\/index.php\/wp-json\/wp\/v2\/pages\/452","targetHints":{"allow":["GET"]}}],"collection":[{"href":"https:\/\/administraciontesoreria.com\/index.php\/wp-json\/wp\/v2\/pages"}],"about":[{"href":"https:\/\/administraciontesoreria.com\/index.php\/wp-json\/wp\/v2\/types\/page"}],"author":[{"embeddable":true,"href":"https:\/\/administraciontesoreria.com\/index.php\/wp-json\/wp\/v2\/users\/1"}],"replies":[{"embeddable":true,"href":"https:\/\/administraciontesoreria.com\/index.php\/wp-json\/wp\/v2\/comments?post=452"}],"version-history":[{"count":10,"href":"https:\/\/administraciontesoreria.com\/index.php\/wp-json\/wp\/v2\/pages\/452\/revisions"}],"predecessor-version":[{"id":995,"href":"https:\/\/administraciontesoreria.com\/index.php\/wp-json\/wp\/v2\/pages\/452\/revisions\/995"}],"wp:attachment":[{"href":"https:\/\/administraciontesoreria.com\/index.php\/wp-json\/wp\/v2\/media?parent=452"}],"curies":[{"name":"wp","href":"https:\/\/api.w.org\/{rel}","templated":true}]}}