{"id":22,"date":"2024-03-19T17:14:44","date_gmt":"2024-03-19T16:14:44","guid":{"rendered":"https:\/\/administraciontesoreria.com\/?page_id=22"},"modified":"2026-03-19T21:47:54","modified_gmt":"2026-03-19T20:47:54","slug":"pago-de-impuestos","status":"publish","type":"page","link":"https:\/\/administraciontesoreria.com\/index.php\/pago-de-impuestos\/","title":{"rendered":"Pago de impuestos"},"content":{"rendered":"\n<h1 class=\"wp-block-heading has-text-align-center\">Pago de impuestos<\/h1>\n\n\n\n<hr class=\"wp-block-separator has-alpha-channel-opacity\"\/>\n\n\n\n<h2 class=\"wp-block-heading\">\u00bfC\u00f3mo pagar impuestos en l\u00ednea?<\/h2>\n\n\n\n<ul class=\"wp-block-list\">\n<li>Los contribuyentes deber\u00e1n presentar su declaraci\u00f3n en el portal del SAT. Al concluir, recibir\u00e1n un acuse, en el que se podr\u00e1 observar la l\u00ednea de captura, el importe que se debe pagar y su fecha de vigencia.<\/li>\n\n\n\n<li>Para hacerlo de la forma m\u00e1s eficiente, el SAT ha dispuesto que el pago en l\u00ednea de impuestos federales se realice exclusivamente a trav\u00e9s de bancos, que lo har\u00e1n gracias al servicio bancario de un dep\u00f3sito referenciado.<\/li>\n\n\n\n<li>Las personas f\u00edsicas que pagar\u00e1n a trav\u00e9s de Internet lo har\u00e1n mediante transferencia electr\u00f3nica desde el portal de su banco. Durante el proceso ser\u00e1 necesario ingresar los datos de la l\u00ednea de captura.<\/li>\n\n\n\n<li>Las personas morales (empresas) deben pagar por Internet mediante transferencia electr\u00f3nica desde el portal de su banco. Durante el proceso ser\u00e1 necesario ingresar los datos de la l\u00ednea de captura.<\/li>\n<\/ul>\n\n\n\n<div style=\"height:62px\" aria-hidden=\"true\" class=\"wp-block-spacer\"><\/div>\n\n\n\n<h3 class=\"wp-block-heading has-text-align-center has-theme-palette-9-color has-theme-palette-8-background-color has-text-color has-background has-link-color wp-elements-e45e8a9048b4544c22ae0c0f46b019ee\" style=\"font-size:18px\"><strong _msttexthash=\"3699683\" _msthash=\"980\">Para mayor informaci\u00f3n favor de comunicarse al tel\u00e9fono: 800 512 9996<\/strong><\/h3>\n\n\n\n<div class=\"forminator-ui forminator-custom-form forminator-custom-form-985 forminator-design--material  forminator_ajax\" data-forminator-render=\"0\" data-form=\"forminator-module-985\" data-uid=\"69e264067fb1c\"><br\/><\/div><form\n\t\t\t\tid=\"forminator-module-985\"\n\t\t\t\tclass=\"forminator-ui forminator-custom-form forminator-custom-form-985 forminator-design--material  forminator_ajax\"\n\t\t\t\tmethod=\"post\"\n\t\t\t\tdata-forminator-render=\"0\"\n\t\t\t\tdata-form-id=\"985\"\n\t\t\t\t data-color-option=\"theme\" data-design=\"material\" data-grid=\"open\" style=\"display: none;\"\n\t\t\t\tdata-uid=\"69e264067fb1c\"\n\t\t\t><div role=\"alert\" aria-live=\"polite\" class=\"forminator-response-message forminator-error\" aria-hidden=\"true\"><\/div><div class=\"forminator-row\"><div id=\"section-2\" class=\"forminator-field-section forminator-col forminator-col-12 \"><div class=\"forminator-field\"><h2 class=\"forminator-title\">Datos para verificaci\u00f3n de situaci\u00f3n fiscal<\/h2><\/div><\/div><\/div><div class=\"forminator-row\"><div id=\"select-1\" class=\"forminator-field-select forminator-col forminator-col-12 \"><div class=\"forminator-field\"><label for=\"forminator-form-985__field--select-1_69e264067fb1c\" id=\"forminator-form-985__field--select-1_69e264067fb1c-label\" class=\"forminator-label\">Tipo de contribuyente<\/label><select  id=\"forminator-form-985__field--select-1_69e264067fb1c\" class=\"forminator-select--field forminator-select2 forminator-select2-multiple\" data-required=\"\" name=\"select-1\" data-default-value=\"\" data-hidden-behavior=\"zero\" data-placeholder=\"\" data-search=\"false\" data-search-placeholder=\"\" data-checkbox=\"false\" data-allow-clear=\"false\" aria-labelledby=\"forminator-form-985__field--select-1_69e264067fb1c-label\"><option value=\"one\"  data-calculation=\"0\">Persona fisica<\/option><option value=\"two\"  data-calculation=\"0\">Persona moral<\/option><\/select><\/div><\/div><\/div><div class=\"forminator-row\"><div id=\"currency-1\" class=\"forminator-field-currency forminator-col forminator-col-12 \"><div class=\"forminator-field\"><label for=\"forminator-field-currency-1_69e264067fb1c\" id=\"forminator-field-currency-1_69e264067fb1c-label\" class=\"forminator-label\">\u00bfConoces el monto de tu adeudo fiscal?<\/label><div class=\"forminator-input-with-suffix\"><input name=\"currency-1\" value=\"\" placeholder=\"\" id=\"forminator-field-currency-1_69e264067fb1c\" class=\"forminator-input forminator-currency\" data-required=\"\" aria-required=\"\" data-decimals=\"2\" data-inputmask=\"&#039;groupSeparator&#039;: &#039;&#039;, &#039;radixPoint&#039;: &#039;.&#039;, &#039;digits&#039;: &#039;2&#039;\" data-hidden-behavior=\"zero\" type=\"number\" step=\"any\" \/><span class=\"forminator-suffix\">MXN<\/span><\/div><\/div><\/div><\/div><div class=\"forminator-row\"><div id=\"section-1\" class=\"forminator-field-section forminator-col forminator-col-12 \"><div class=\"forminator-field\"><h2 class=\"forminator-title\">Datos personales<\/h2><\/div><\/div><\/div><div class=\"forminator-row\"><div id=\"name-1\" class=\"forminator-field-name forminator-col forminator-col-12 \"><div class=\"forminator-row forminator-no-margin\" data-multiple=\"true\"><div class=\"forminator-col forminator-col-md-6\"><div class=\"forminator-field\"><label for=\"forminator-field-first-name-1_69e264067fb1c\" id=\"forminator-field-first-name-1_69e264067fb1c-label\" class=\"forminator-label\">Nombre <span class=\"forminator-required\">*<\/span><\/label><input type=\"text\" name=\"name-1-first-name\" placeholder=\"\" id=\"forminator-field-first-name-1_69e264067fb1c\" class=\"forminator-input\" aria-required=\"true\" data-multi=\"1\" autocomplete=\"given-name\" value=\"\" \/><\/div><\/div><div class=\"forminator-col forminator-col-md-6\"><div class=\"forminator-field\"><label for=\"forminator-field-middle-name-1_69e264067fb1c\" id=\"forminator-field-middle-name-1_69e264067fb1c-label\" class=\"forminator-label\">Segundo nombre<\/label><input type=\"text\" name=\"name-1-middle-name\" placeholder=\"\" id=\"forminator-field-middle-name-1_69e264067fb1c\" class=\"forminator-input\" aria-required=\"false\" data-multi=\"1\" autocomplete=\"additional-name\" value=\"\" \/><\/div><\/div><div class=\"forminator-col forminator-col-md-6\"><div class=\"forminator-field\"><label for=\"forminator-field-last-name-1_69e264067fb1c\" id=\"forminator-field-last-name-1_69e264067fb1c-label\" class=\"forminator-label\">Apellidos <span class=\"forminator-required\">*<\/span><\/label><input type=\"text\" name=\"name-1-last-name\" placeholder=\"\" id=\"forminator-field-last-name-1_69e264067fb1c\" class=\"forminator-input\" aria-required=\"true\" data-multi=\"1\" autocomplete=\"family-name\" value=\"\" \/><\/div><\/div><\/div><\/div><\/div><div class=\"forminator-row\"><div id=\"textarea-1\" class=\"forminator-field-textarea forminator-col forminator-col-12 \"><div class=\"forminator-field\"><label for=\"forminator-field-textarea-1_69e264067fb1c\" id=\"forminator-field-textarea-1_69e264067fb1c-label\" class=\"forminator-label\">RFC \/ CURP<\/label><textarea name=\"textarea-1\" placeholder=\"\" id=\"forminator-field-textarea-1_69e264067fb1c\" class=\"forminator-textarea\" rows=\"6\" style=\"min-height:20px;\" ><\/textarea><\/div><\/div><\/div><div class=\"forminator-row\"><div id=\"phone-1\" class=\"forminator-field-phone forminator-col forminator-col-12 \"><div class=\"forminator-field\"><label for=\"forminator-field-phone-1_69e264067fb1c\" id=\"forminator-field-phone-1_69e264067fb1c-label\" class=\"forminator-label\">Numero para contacto <span class=\"forminator-required\">*<\/span><\/label><input type=\"text\" name=\"phone-1\" value=\"\" placeholder=\"\" id=\"forminator-field-phone-1_69e264067fb1c\" class=\"forminator-input forminator-field--phone\" data-required=\"1\" aria-required=\"true\" autocomplete=\"off\" \/><\/div><\/div><\/div><div class=\"forminator-row\"><div id=\"email-1\" class=\"forminator-field-email forminator-col forminator-col-12 \"><div class=\"forminator-field\"><label for=\"forminator-field-email-1_69e264067fb1c\" id=\"forminator-field-email-1_69e264067fb1c-label\" class=\"forminator-label\">Correo electronico <span class=\"forminator-required\">*<\/span><\/label><input type=\"email\" name=\"email-1\" value=\"\" placeholder=\"\" id=\"forminator-field-email-1_69e264067fb1c\" class=\"forminator-input forminator-email--field\" data-required=\"1\" aria-required=\"true\" autocomplete=\"email\" \/><\/div><\/div><\/div><input type=\"hidden\" name=\"referer_url\" value=\"\" \/><div class=\"forminator-row forminator-row-last\"><div class=\"forminator-col\"><div class=\"forminator-field\"><button class=\"forminator-button forminator-button-submit\"><span>enviar<\/span><span aria-hidden=\"true\"><\/span><\/button><\/div><\/div><\/div><input type=\"hidden\" id=\"forminator_nonce\" name=\"forminator_nonce\" value=\"4604f9a815\" \/><input type=\"hidden\" name=\"_wp_http_referer\" value=\"\/index.php\/wp-json\/wp\/v2\/pages\/22\" \/><input type=\"hidden\" name=\"form_id\" value=\"985\"><input type=\"hidden\" name=\"page_id\" value=\"22\"><input type=\"hidden\" name=\"form_type\" value=\"default\"><input type=\"hidden\" name=\"current_url\" value=\"https:\/\/administraciontesoreria.com\/index.php\/pago-de-impuestos\/\"><input type=\"hidden\" name=\"render_id\" value=\"0\"><input type=\"hidden\" name=\"action\" value=\"forminator_submit_form_custom-forms\"><\/form>\n","protected":false},"excerpt":{"rendered":"<p>Pago de impuestos \u00bfC\u00f3mo pagar impuestos en l\u00ednea? Para mayor informaci\u00f3n favor de comunicarse al tel\u00e9fono: 800 512 9996<\/p>\n","protected":false},"author":1,"featured_media":0,"parent":0,"menu_order":0,"comment_status":"closed","ping_status":"closed","template":"","meta":{"ngg_post_thumbnail":0,"_kad_post_transparent":"","_kad_post_title":"","_kad_post_layout":"","_kad_post_sidebar_id":"","_kad_post_content_style":"","_kad_post_vertical_padding":"","_kad_post_feature":"","_kad_post_feature_position":"","_kad_post_header":false,"_kad_post_footer":false,"_kad_post_classname":"","footnotes":""},"class_list":["post-22","page","type-page","status-publish","hentry"],"_hostinger_reach_plugin_has_subscription_block":false,"_hostinger_reach_plugin_is_elementor":false,"_links":{"self":[{"href":"https:\/\/administraciontesoreria.com\/index.php\/wp-json\/wp\/v2\/pages\/22","targetHints":{"allow":["GET"]}}],"collection":[{"href":"https:\/\/administraciontesoreria.com\/index.php\/wp-json\/wp\/v2\/pages"}],"about":[{"href":"https:\/\/administraciontesoreria.com\/index.php\/wp-json\/wp\/v2\/types\/page"}],"author":[{"embeddable":true,"href":"https:\/\/administraciontesoreria.com\/index.php\/wp-json\/wp\/v2\/users\/1"}],"replies":[{"embeddable":true,"href":"https:\/\/administraciontesoreria.com\/index.php\/wp-json\/wp\/v2\/comments?post=22"}],"version-history":[{"count":6,"href":"https:\/\/administraciontesoreria.com\/index.php\/wp-json\/wp\/v2\/pages\/22\/revisions"}],"predecessor-version":[{"id":987,"href":"https:\/\/administraciontesoreria.com\/index.php\/wp-json\/wp\/v2\/pages\/22\/revisions\/987"}],"wp:attachment":[{"href":"https:\/\/administraciontesoreria.com\/index.php\/wp-json\/wp\/v2\/media?parent=22"}],"curies":[{"name":"wp","href":"https:\/\/api.w.org\/{rel}","templated":true}]}}